{"id":2,"date":"2023-06-19T15:04:25","date_gmt":"2023-06-19T15:04:25","guid":{"rendered":"http:\/\/econsciente.es\/?page_id=2"},"modified":"2025-11-21T17:54:23","modified_gmt":"2025-11-21T16:54:23","slug":"pagina-ejemplo","status":"publish","type":"page","link":"https:\/\/econsciente.es\/","title":{"rendered":"Econsciente"},"content":{"rendered":"\t\t<div data-elementor-type=\"wp-page\" data-elementor-id=\"2\" class=\"elementor elementor-2\" data-elementor-post-type=\"page\">\n\t\t\t\t<div class=\"elementor-element elementor-element-e67fefd e-con-full e-flex e-con e-parent\" data-id=\"e67fefd\" data-element_type=\"container\" data-settings=\"{&quot;background_background&quot;:&quot;video&quot;,&quot;background_video_link&quot;:&quot;https:\\\/\\\/econsciente.es\\\/wp-content\\\/uploads\\\/2025\\\/11\\\/3248275-uhd_3840_2160_25fps.mp4&quot;,&quot;background_play_on_mobile&quot;:&quot;yes&quot;}\">\n\t\t<div class=\"elementor-background-video-container\" aria-hidden=\"true\">\n\t\t\t\t\t\t\t<video class=\"elementor-background-video-hosted\" autoplay muted playsinline loop><\/video>\n\t\t\t\t\t<\/div>\t\t<div class=\"elementor-element elementor-element-af8bdcb elementor-widget elementor-widget-heading\" data-id=\"af8bdcb\" data-element_type=\"widget\" data-widget_type=\"heading.default\">\n\t\t\t\t<div class=\"elementor-widget-container\">\n\t\t\t\t\t<p class=\"elementor-heading-title elementor-size-default\">Test de orientaci\u00f3n universitaria<\/p>\t\t\t\t<\/div>\n\t\t\t\t<\/div>\n\t\t\t\t<div class=\"elementor-element elementor-element-1fcf65c elementor-widget elementor-widget-heading\" data-id=\"1fcf65c\" data-element_type=\"widget\" data-widget_type=\"heading.default\">\n\t\t\t\t<div class=\"elementor-widget-container\">\n\t\t\t\t\t<h1 class=\"elementor-heading-title elementor-size-default\">Descubre qu\u00e9 estudiar y d\u00f3nde<\/h1>\t\t\t\t<\/div>\n\t\t\t\t<\/div>\n\t\t\t\t<div class=\"elementor-element elementor-element-72907a3 elementor-widget__width-initial elementor-widget elementor-widget-text-editor\" data-id=\"72907a3\" data-element_type=\"widget\" data-widget_type=\"text-editor.default\">\n\t\t\t\t<div class=\"elementor-widget-container\">\n\t\t\t\t\t\t\t\t\t<p>Elegir carrera universitaria no es f\u00e1cil. Si est\u00e1s terminando bachillerato, un ciclo formativo o incluso una carrera, es normal sentir dudas.<\/p>\t\t\t\t\t\t\t\t<\/div>\n\t\t\t\t<\/div>\n\t\t\t\t<\/div>\n\t\t<div class=\"elementor-element elementor-element-3cd70f2 e-con-full e-flex e-con e-parent\" data-id=\"3cd70f2\" data-element_type=\"container\">\n\t\t<div class=\"elementor-element elementor-element-e2cb641 e-con-full e-flex e-con e-child\" data-id=\"e2cb641\" data-element_type=\"container\">\n\t\t\t\t<div class=\"elementor-element elementor-element-16a2059 elementor-widget-mobile__width-initial elementor-widget elementor-widget-heading\" data-id=\"16a2059\" data-element_type=\"widget\" data-widget_type=\"heading.default\">\n\t\t\t\t<div class=\"elementor-widget-container\">\n\t\t\t\t\t<h2 class=\"elementor-heading-title elementor-size-default\">\u00bfC\u00f3mo lo hacemos?<\/h2>\t\t\t\t<\/div>\n\t\t\t\t<\/div>\n\t\t\t\t<div class=\"elementor-element elementor-element-a3aa40a elementor-align-left elementor-widget elementor-widget-button\" data-id=\"a3aa40a\" data-element_type=\"widget\" data-widget_type=\"button.default\">\n\t\t\t\t<div class=\"elementor-widget-container\">\n\t\t\t\t\t\t\t\t\t<div class=\"elementor-button-wrapper\">\n\t\t\t\t\t<a class=\"elementor-button elementor-button-link elementor-size-sm\" href=\"#\">\n\t\t\t\t\t\t<span class=\"elementor-button-content-wrapper\">\n\t\t\t\t\t\t\t\t\t<span class=\"elementor-button-text\">Empezar ahora<\/span>\n\t\t\t\t\t<\/span>\n\t\t\t\t\t<\/a>\n\t\t\t\t<\/div>\n\t\t\t\t\t\t\t\t<\/div>\n\t\t\t\t<\/div>\n\t\t\t\t<\/div>\n\t\t<div class=\"elementor-element elementor-element-714aa98 e-con-full e-flex e-con e-child\" data-id=\"714aa98\" data-element_type=\"container\">\n\t\t\t\t<div class=\"elementor-element elementor-element-89502ab elementor-widget elementor-widget-heading\" data-id=\"89502ab\" data-element_type=\"widget\" data-widget_type=\"heading.default\">\n\t\t\t\t<div class=\"elementor-widget-container\">\n\t\t\t\t\t<p class=\"elementor-heading-title elementor-size-default\">Este test de orientaci\u00f3n universitaria gratuito te ayuda a aclarar ideas y descubrir qu\u00e9 estudiar seg\u00fan tu perfil, tus intereses, tu estilo de vida ideal y el futuro que quieres construir.<\/p>\t\t\t\t<\/div>\n\t\t\t\t<\/div>\n\t\t<div class=\"elementor-element elementor-element-09a29e6 e-con-full e-flex e-con e-child\" data-id=\"09a29e6\" data-element_type=\"container\">\n\t\t\t\t<div class=\"elementor-element elementor-element-26f71d3 elementor-widget elementor-widget-image\" data-id=\"26f71d3\" data-element_type=\"widget\" data-widget_type=\"image.default\">\n\t\t\t\t<div class=\"elementor-widget-container\">\n\t\t\t\t\t\t\t\t\t\t\t\t\t\t\t<img decoding=\"async\" width=\"166\" height=\"166\" src=\"https:\/\/econsciente.es\/wp-content\/uploads\/2025\/11\/Testimonials-1_1.jpg\" class=\"attachment-large size-large wp-image-159\" alt=\"\" srcset=\"https:\/\/econsciente.es\/wp-content\/uploads\/2025\/11\/Testimonials-1_1.jpg 166w, https:\/\/econsciente.es\/wp-content\/uploads\/2025\/11\/Testimonials-1_1-150x150.jpg 150w\" sizes=\"(max-width: 166px) 100vw, 166px\" \/>\t\t\t\t\t\t\t\t\t\t\t\t\t\t\t<\/div>\n\t\t\t\t<\/div>\n\t\t\t\t<div class=\"elementor-element elementor-element-eb6c7f8 elementor-invisible elementor-widget elementor-widget-image\" data-id=\"eb6c7f8\" data-element_type=\"widget\" data-settings=\"{&quot;_animation&quot;:&quot;fadeIn&quot;}\" data-widget_type=\"image.default\">\n\t\t\t\t<div class=\"elementor-widget-container\">\n\t\t\t\t\t\t\t\t\t\t\t\t\t\t\t<img decoding=\"async\" width=\"166\" height=\"166\" src=\"https:\/\/econsciente.es\/wp-content\/uploads\/2025\/11\/Testimonials-1_2.jpg\" class=\"attachment-large size-large wp-image-160\" alt=\"\" srcset=\"https:\/\/econsciente.es\/wp-content\/uploads\/2025\/11\/Testimonials-1_2.jpg 166w, https:\/\/econsciente.es\/wp-content\/uploads\/2025\/11\/Testimonials-1_2-150x150.jpg 150w\" sizes=\"(max-width: 166px) 100vw, 166px\" \/>\t\t\t\t\t\t\t\t\t\t\t\t\t\t\t<\/div>\n\t\t\t\t<\/div>\n\t\t\t\t<div class=\"elementor-element elementor-element-11ea4db elementor-widget elementor-widget-image-box\" data-id=\"11ea4db\" data-element_type=\"widget\" data-widget_type=\"image-box.default\">\n\t\t\t\t<div class=\"elementor-widget-container\">\n\t\t\t\t\t<div class=\"elementor-image-box-wrapper\"><div class=\"elementor-image-box-content\"><p class=\"elementor-image-box-title\">Adri\u00e1n y Miriam<\/p><p class=\"elementor-image-box-description\">Creadores<\/p><\/div><\/div>\t\t\t\t<\/div>\n\t\t\t\t<\/div>\n\t\t\t\t<\/div>\n\t\t\t\t<\/div>\n\t\t\t\t<\/div>\n\t\t<div class=\"elementor-element elementor-element-2e0c6e21 e-con-full e-flex e-con e-parent\" data-id=\"2e0c6e21\" data-element_type=\"container\" data-settings=\"{&quot;background_background&quot;:&quot;classic&quot;}\">\n\t\t<div class=\"elementor-element elementor-element-2e114eaf e-con-full e-flex e-con e-child\" data-id=\"2e114eaf\" data-element_type=\"container\">\n\t\t\t\t<div class=\"elementor-element elementor-element-5bd1b612 elementor-widget__width-initial elementor-widget-tablet__width-inherit elementor-widget elementor-widget-heading\" data-id=\"5bd1b612\" data-element_type=\"widget\" data-widget_type=\"heading.default\">\n\t\t\t\t<div class=\"elementor-widget-container\">\n\t\t\t\t\t<h2 class=\"elementor-heading-title elementor-size-default\">\u00bfPara qu\u00e9 sirve este test de orientaci\u00f3n universitaria?<\/h2>\t\t\t\t<\/div>\n\t\t\t\t<\/div>\n\t\t\t\t<div class=\"elementor-element elementor-element-25187e2b elementor-widget__width-initial elementor-widget-tablet__width-inherit elementor-widget elementor-widget-text-editor\" data-id=\"25187e2b\" data-element_type=\"widget\" data-widget_type=\"text-editor.default\">\n\t\t\t\t<div class=\"elementor-widget-container\">\n\t\t\t\t\t\t\t\t\t<p>Es una herramienta \u00fatil tanto para estudiantes que est\u00e1n terminando bachillerato como para quienes quieren <strong data-start=\"2004\" data-end=\"2017\">redirigir<\/strong> o reconsiderar sus estudios universitarios.<\/p>\t\t\t\t\t\t\t\t<\/div>\n\t\t\t\t<\/div>\n\t\t\t\t<\/div>\n\t\t<div class=\"elementor-element elementor-element-4eb16963 e-con-full e-flex e-con e-child\" data-id=\"4eb16963\" data-element_type=\"container\">\n\t\t\t\t<div class=\"elementor-element elementor-element-24606f89 elementor-invisible elementor-widget elementor-widget-icon-box\" data-id=\"24606f89\" data-element_type=\"widget\" data-settings=\"{&quot;_animation&quot;:&quot;fadeInUp&quot;}\" data-widget_type=\"icon-box.default\">\n\t\t\t\t<div class=\"elementor-widget-container\">\n\t\t\t\t\t\t\t<div class=\"elementor-icon-box-wrapper\">\n\n\t\t\t\n\t\t\t\t\t\t<div class=\"elementor-icon-box-content\">\n\n\t\t\t\t\t\t\t\t\t<h3 class=\"elementor-icon-box-title\">\n\t\t\t\t\t\t<span  >\n\t\t\t\t\t\t\tVisi\u00f3n\t\t\t\t\t\t<\/span>\n\t\t\t\t\t<\/h3>\n\t\t\t\t\n\t\t\t\t\t\t\t\t\t<p class=\"elementor-icon-box-description\">\n\t\t\t\t\t\tAyudar a j\u00f3venes a encontrar un camino acad\u00e9mico que encaje de verdad con su futuro, sus intereses y el tipo de vida que desean.\t\t\t\t\t<\/p>\n\t\t\t\t\n\t\t\t<\/div>\n\t\t\t\n\t\t<\/div>\n\t\t\t\t\t\t<\/div>\n\t\t\t\t<\/div>\n\t\t\t\t<div class=\"elementor-element elementor-element-5f88b4dc elementor-invisible elementor-widget elementor-widget-icon-box\" data-id=\"5f88b4dc\" data-element_type=\"widget\" data-settings=\"{&quot;_animation&quot;:&quot;fadeInUp&quot;}\" data-widget_type=\"icon-box.default\">\n\t\t\t\t<div class=\"elementor-widget-container\">\n\t\t\t\t\t\t\t<div class=\"elementor-icon-box-wrapper\">\n\n\t\t\t\n\t\t\t\t\t\t<div class=\"elementor-icon-box-content\">\n\n\t\t\t\t\t\t\t\t\t<h3 class=\"elementor-icon-box-title\">\n\t\t\t\t\t\t<span  >\n\t\t\t\t\t\t\tMisi\u00f3n \t\t\t\t\t\t<\/span>\n\t\t\t\t\t<\/h3>\n\t\t\t\t\n\t\t\t\t\t\t\t\t\t<p class=\"elementor-icon-box-description\">\n\t\t\t\t\t\tOfrecer una orientaci\u00f3n simple, r\u00e1pida y personalizada que conecte a cada estudiante con estudios, carreras y universidades que realmente se ajusten a su perfil.\t\t\t\t\t<\/p>\n\t\t\t\t\n\t\t\t<\/div>\n\t\t\t\n\t\t<\/div>\n\t\t\t\t\t\t<\/div>\n\t\t\t\t<\/div>\n\t\t\t\t<div class=\"elementor-element elementor-element-793dcd57 elementor-invisible elementor-widget elementor-widget-icon-box\" data-id=\"793dcd57\" data-element_type=\"widget\" data-settings=\"{&quot;_animation&quot;:&quot;fadeInUp&quot;}\" data-widget_type=\"icon-box.default\">\n\t\t\t\t<div class=\"elementor-widget-container\">\n\t\t\t\t\t\t\t<div class=\"elementor-icon-box-wrapper\">\n\n\t\t\t\n\t\t\t\t\t\t<div class=\"elementor-icon-box-content\">\n\n\t\t\t\t\t\t\t\t\t<h3 class=\"elementor-icon-box-title\">\n\t\t\t\t\t\t<span  >\n\t\t\t\t\t\t\tProceso\t\t\t\t\t\t<\/span>\n\t\t\t\t\t<\/h3>\n\t\t\t\t\n\t\t\t\t\t\t\t\t\t<p class=\"elementor-icon-box-description\">\n\t\t\t\t\t\tNuestro proceso es muy sencillo: primero completas un test r\u00e1pido donde nos cuentas tus intereses, objetivos y c\u00f3mo te imaginas tu futuro. Con esa informaci\u00f3n analizamos tu perfil y lo conectamos con \u00e1reas de estudio, carreras y universidades que encajan contigo.\t\t\t\t\t<\/p>\n\t\t\t\t\n\t\t\t<\/div>\n\t\t\t\n\t\t<\/div>\n\t\t\t\t\t\t<\/div>\n\t\t\t\t<\/div>\n\t\t\t\t<\/div>\n\t\t\t\t<\/div>\n\t\t\t\t<\/div>\n\t\t","protected":false},"excerpt":{"rendered":"<p>Test de orientaci\u00f3n universitaria Descubre qu\u00e9 estudiar y d\u00f3nde Elegir carrera universitaria no es f\u00e1cil. Si est\u00e1s terminando bachillerato, un ciclo formativo o incluso una carrera, es normal sentir dudas. \u00bfC\u00f3mo lo hacemos? Empezar ahora Este test de orientaci\u00f3n universitaria gratuito te ayuda a aclarar ideas y descubrir qu\u00e9 estudiar seg\u00fan tu perfil, tus intereses, [&hellip;]<\/p>\n","protected":false},"author":1,"featured_media":0,"parent":0,"menu_order":0,"comment_status":"closed","ping_status":"open","template":"","meta":{"footnotes":""},"class_list":["post-2","page","type-page","status-publish","hentry"],"yoast_head":"<!-- This site is optimized with the Yoast SEO plugin v26.4 - https:\/\/yoast.com\/wordpress\/plugins\/seo\/ -->\n<title>Econsciente - Econciente<\/title>\n<meta name=\"robots\" content=\"index, follow, max-snippet:-1, max-image-preview:large, max-video-preview:-1\" \/>\n<link rel=\"canonical\" href=\"https:\/\/econsciente.es\/\" \/>\n<meta property=\"og:locale\" content=\"es_ES\" \/>\n<meta property=\"og:type\" content=\"article\" \/>\n<meta property=\"og:title\" content=\"Econsciente - Econciente\" \/>\n<meta property=\"og:description\" content=\"Test de orientaci\u00f3n universitaria Descubre qu\u00e9 estudiar y d\u00f3nde Elegir carrera universitaria no es f\u00e1cil. Si est\u00e1s terminando bachillerato, un ciclo formativo o incluso una carrera, es normal sentir dudas. \u00bfC\u00f3mo lo hacemos? Empezar ahora Este test de orientaci\u00f3n universitaria gratuito te ayuda a aclarar ideas y descubrir qu\u00e9 estudiar seg\u00fan tu perfil, tus intereses, [&hellip;]\" \/>\n<meta property=\"og:url\" content=\"https:\/\/econsciente.es\/\" \/>\n<meta property=\"og:site_name\" content=\"Econciente\" \/>\n<meta property=\"article:modified_time\" content=\"2025-11-21T16:54:23+00:00\" \/>\n<meta property=\"og:image\" content=\"https:\/\/econsciente.es\/wp-content\/uploads\/2025\/11\/Testimonials-1_1.jpg\" \/>\n\t<meta property=\"og:image:width\" content=\"166\" \/>\n\t<meta property=\"og:image:height\" content=\"166\" \/>\n\t<meta property=\"og:image:type\" content=\"image\/jpeg\" \/>\n<meta name=\"twitter:card\" content=\"summary_large_image\" \/>\n<script type=\"application\/ld+json\" class=\"yoast-schema-graph\">{\"@context\":\"https:\/\/schema.org\",\"@graph\":[{\"@type\":\"WebPage\",\"@id\":\"https:\/\/econsciente.es\/\",\"url\":\"https:\/\/econsciente.es\/\",\"name\":\"Econsciente - Econciente\",\"isPartOf\":{\"@id\":\"https:\/\/econsciente.es\/#website\"},\"primaryImageOfPage\":{\"@id\":\"https:\/\/econsciente.es\/#primaryimage\"},\"image\":{\"@id\":\"https:\/\/econsciente.es\/#primaryimage\"},\"thumbnailUrl\":\"https:\/\/econsciente.es\/wp-content\/uploads\/2025\/11\/Testimonials-1_1.jpg\",\"datePublished\":\"2023-06-19T15:04:25+00:00\",\"dateModified\":\"2025-11-21T16:54:23+00:00\",\"breadcrumb\":{\"@id\":\"https:\/\/econsciente.es\/#breadcrumb\"},\"inLanguage\":\"es\",\"potentialAction\":[{\"@type\":\"ReadAction\",\"target\":[\"https:\/\/econsciente.es\/\"]}]},{\"@type\":\"ImageObject\",\"inLanguage\":\"es\",\"@id\":\"https:\/\/econsciente.es\/#primaryimage\",\"url\":\"https:\/\/econsciente.es\/wp-content\/uploads\/2025\/11\/Testimonials-1_1.jpg\",\"contentUrl\":\"https:\/\/econsciente.es\/wp-content\/uploads\/2025\/11\/Testimonials-1_1.jpg\",\"width\":166,\"height\":166},{\"@type\":\"BreadcrumbList\",\"@id\":\"https:\/\/econsciente.es\/#breadcrumb\",\"itemListElement\":[{\"@type\":\"ListItem\",\"position\":1,\"name\":\"Portada\",\"item\":\"https:\/\/econsciente.es\/\"},{\"@type\":\"ListItem\",\"position\":2,\"name\":\"Econsciente\"}]},{\"@type\":\"WebSite\",\"@id\":\"https:\/\/econsciente.es\/#website\",\"url\":\"https:\/\/econsciente.es\/\",\"name\":\"Econciente\",\"description\":\"Te ayudamos a encontrar tu salida profesinal.\",\"potentialAction\":[{\"@type\":\"SearchAction\",\"target\":{\"@type\":\"EntryPoint\",\"urlTemplate\":\"https:\/\/econsciente.es\/?s={search_term_string}\"},\"query-input\":{\"@type\":\"PropertyValueSpecification\",\"valueRequired\":true,\"valueName\":\"search_term_string\"}}],\"inLanguage\":\"es\"}]}<\/script>\n<!-- \/ Yoast SEO plugin. -->","yoast_head_json":{"title":"Econsciente - Econciente","robots":{"index":"index","follow":"follow","max-snippet":"max-snippet:-1","max-image-preview":"max-image-preview:large","max-video-preview":"max-video-preview:-1"},"canonical":"https:\/\/econsciente.es\/","og_locale":"es_ES","og_type":"article","og_title":"Econsciente - Econciente","og_description":"Test de orientaci\u00f3n universitaria Descubre qu\u00e9 estudiar y d\u00f3nde Elegir carrera universitaria no es f\u00e1cil. Si est\u00e1s terminando bachillerato, un ciclo formativo o incluso una carrera, es normal sentir dudas. \u00bfC\u00f3mo lo hacemos? Empezar ahora Este test de orientaci\u00f3n universitaria gratuito te ayuda a aclarar ideas y descubrir qu\u00e9 estudiar seg\u00fan tu perfil, tus intereses, [&hellip;]","og_url":"https:\/\/econsciente.es\/","og_site_name":"Econciente","article_modified_time":"2025-11-21T16:54:23+00:00","og_image":[{"width":166,"height":166,"url":"https:\/\/econsciente.es\/wp-content\/uploads\/2025\/11\/Testimonials-1_1.jpg","type":"image\/jpeg"}],"twitter_card":"summary_large_image","schema":{"@context":"https:\/\/schema.org","@graph":[{"@type":"WebPage","@id":"https:\/\/econsciente.es\/","url":"https:\/\/econsciente.es\/","name":"Econsciente - Econciente","isPartOf":{"@id":"https:\/\/econsciente.es\/#website"},"primaryImageOfPage":{"@id":"https:\/\/econsciente.es\/#primaryimage"},"image":{"@id":"https:\/\/econsciente.es\/#primaryimage"},"thumbnailUrl":"https:\/\/econsciente.es\/wp-content\/uploads\/2025\/11\/Testimonials-1_1.jpg","datePublished":"2023-06-19T15:04:25+00:00","dateModified":"2025-11-21T16:54:23+00:00","breadcrumb":{"@id":"https:\/\/econsciente.es\/#breadcrumb"},"inLanguage":"es","potentialAction":[{"@type":"ReadAction","target":["https:\/\/econsciente.es\/"]}]},{"@type":"ImageObject","inLanguage":"es","@id":"https:\/\/econsciente.es\/#primaryimage","url":"https:\/\/econsciente.es\/wp-content\/uploads\/2025\/11\/Testimonials-1_1.jpg","contentUrl":"https:\/\/econsciente.es\/wp-content\/uploads\/2025\/11\/Testimonials-1_1.jpg","width":166,"height":166},{"@type":"BreadcrumbList","@id":"https:\/\/econsciente.es\/#breadcrumb","itemListElement":[{"@type":"ListItem","position":1,"name":"Portada","item":"https:\/\/econsciente.es\/"},{"@type":"ListItem","position":2,"name":"Econsciente"}]},{"@type":"WebSite","@id":"https:\/\/econsciente.es\/#website","url":"https:\/\/econsciente.es\/","name":"Econciente","description":"Te ayudamos a encontrar tu salida profesinal.","potentialAction":[{"@type":"SearchAction","target":{"@type":"EntryPoint","urlTemplate":"https:\/\/econsciente.es\/?s={search_term_string}"},"query-input":{"@type":"PropertyValueSpecification","valueRequired":true,"valueName":"search_term_string"}}],"inLanguage":"es"}]}},"_links":{"self":[{"href":"https:\/\/econsciente.es\/index.php\/wp-json\/wp\/v2\/pages\/2","targetHints":{"allow":["GET"]}}],"collection":[{"href":"https:\/\/econsciente.es\/index.php\/wp-json\/wp\/v2\/pages"}],"about":[{"href":"https:\/\/econsciente.es\/index.php\/wp-json\/wp\/v2\/types\/page"}],"author":[{"embeddable":true,"href":"https:\/\/econsciente.es\/index.php\/wp-json\/wp\/v2\/users\/1"}],"replies":[{"embeddable":true,"href":"https:\/\/econsciente.es\/index.php\/wp-json\/wp\/v2\/comments?post=2"}],"version-history":[{"count":91,"href":"https:\/\/econsciente.es\/index.php\/wp-json\/wp\/v2\/pages\/2\/revisions"}],"predecessor-version":[{"id":197,"href":"https:\/\/econsciente.es\/index.php\/wp-json\/wp\/v2\/pages\/2\/revisions\/197"}],"wp:attachment":[{"href":"https:\/\/econsciente.es\/index.php\/wp-json\/wp\/v2\/media?parent=2"}],"curies":[{"name":"wp","href":"https:\/\/api.w.org\/{rel}","templated":true}]}}